{"id":3360,"date":"2025-08-23T09:17:26","date_gmt":"2025-08-23T07:17:26","guid":{"rendered":"https:\/\/2025b.swixfo.com\/cultura\/"},"modified":"2026-05-13T13:48:29","modified_gmt":"2026-05-13T11:48:29","slug":"cultura","status":"publish","type":"page","link":"https:\/\/swixfo.com\/it\/cultura\/","title":{"rendered":"Cultura"},"content":{"rendered":"\t\t<div data-elementor-type=\"wp-page\" data-elementor-id=\"3360\" class=\"elementor elementor-3360 elementor-673\" data-elementor-post-type=\"page\">\n\t\t\t\t<div class=\"elementor-element elementor-element-c354367 e-flex e-con-boxed e-con e-parent\" data-id=\"c354367\" data-element_type=\"container\" data-e-type=\"container\" data-settings=\"{&quot;background_background&quot;:&quot;classic&quot;}\">\n\t\t\t\t\t<div class=\"e-con-inner\">\n\t\t<div class=\"elementor-element elementor-element-db62580 e-con-full e-flex e-con e-child\" data-id=\"db62580\" data-element_type=\"container\" data-e-type=\"container\" data-settings=\"{&quot;background_background&quot;:&quot;classic&quot;}\">\n\t\t<div class=\"elementor-element elementor-element-5b26f40 e-con-full e-flex e-con e-child\" data-id=\"5b26f40\" data-element_type=\"container\" data-e-type=\"container\">\n\t\t\t\t<div class=\"elementor-element elementor-element-21e10a8 elementor-widget-divider--view-line elementor-widget elementor-widget-divider\" data-id=\"21e10a8\" data-element_type=\"widget\" data-e-type=\"widget\" data-widget_type=\"divider.default\">\n\t\t\t\t<div class=\"elementor-widget-container\">\n\t\t\t\t\t\t\t<div class=\"elementor-divider\">\n\t\t\t<span class=\"elementor-divider-separator\">\n\t\t\t\t\t\t<\/span>\n\t\t<\/div>\n\t\t\t\t\t\t<\/div>\n\t\t\t\t<\/div>\n\t\t\t\t<\/div>\n\t\t<div class=\"elementor-element elementor-element-c7b3fa7 e-con-full e-flex e-con e-child\" data-id=\"c7b3fa7\" data-element_type=\"container\" data-e-type=\"container\">\n\t\t\t\t<div class=\"elementor-element elementor-element-c1dba00 fade-in-up-toggle elementor-widget elementor-widget-heading\" data-id=\"c1dba00\" data-element_type=\"widget\" data-e-type=\"widget\" data-widget_type=\"heading.default\">\n\t\t\t\t<div class=\"elementor-widget-container\">\n\t\t\t\t\t<h2 class=\"elementor-heading-title elementor-size-default\">La cultura SWIX si fonda su responsabilit\u00e0, trasparenza e allineamento di interessi: un approccio che guida decisioni indipendenti, rafforza relazioni di lungo periodo e crea valore con disciplina e visione nel tempo.<\/h2>\t\t\t\t<\/div>\n\t\t\t\t<\/div>\n\t\t\t\t<\/div>\n\t\t\t\t<\/div>\n\t\t\t\t\t<\/div>\n\t\t\t\t<\/div>\n\t\t<div class=\"elementor-element elementor-element-6cb267b content-culture1 e-flex e-con-boxed e-con e-parent\" data-id=\"6cb267b\" data-element_type=\"container\" data-e-type=\"container\">\n\t\t\t\t\t<div class=\"e-con-inner\">\n\t\t<div class=\"elementor-element elementor-element-cb54277 e-con-full scale-in-scrub e-flex e-con e-child\" data-id=\"cb54277\" data-element_type=\"container\" data-e-type=\"container\">\n\t\t\t\t<div class=\"elementor-element elementor-element-25d2ae7 fade-in-left-toggle elementor-widget elementor-widget-icon-box\" data-id=\"25d2ae7\" data-element_type=\"widget\" data-e-type=\"widget\" data-widget_type=\"icon-box.default\">\n\t\t\t\t<div class=\"elementor-widget-container\">\n\t\t\t\t\t\t\t<div class=\"elementor-icon-box-wrapper\">\n\n\t\t\t\n\t\t\t\t\t\t<div class=\"elementor-icon-box-content\">\n\n\t\t\t\t\t\t\t\t\t<h2 class=\"elementor-icon-box-title\">\n\t\t\t\t\t\t<span  >\n\t\t\t\t\t\t\tResponsabilit\u00e0\t\t\t\t\t\t<\/span>\n\t\t\t\t\t<\/h2>\n\t\t\t\t\n\t\t\t\t\n\t\t\t<\/div>\n\t\t\t\n\t\t<\/div>\n\t\t\t\t\t\t<\/div>\n\t\t\t\t<\/div>\n\t\t\t\t<div class=\"elementor-element elementor-element-f4297b7 fade-in-up-toggle elementor-widget elementor-widget-text-editor\" data-id=\"f4297b7\" data-element_type=\"widget\" data-e-type=\"widget\" data-widget_type=\"text-editor.default\">\n\t\t\t\t<div class=\"elementor-widget-container\">\n\t\t\t\t\t\t\t\t\t<p style=\"font-weight: 400;\">Ogni decisione patrimoniale rilevante richiede assunzione di responsabilit\u00e0.<br>In SWIX responsabilit\u00e0 significa sapere perch\u00e9 una decisione viene presa, quali rischi comporta, come deve essere monitorata e quando deve essere rivista.<br>Non deleghiamo la consulenza al consenso di mercato. Non confondiamo attivit\u00e0 con valore. Non inseguiamo complessit\u00e0 quando la semplicit\u00e0 funziona meglio.<\/p>\t\t\t\t\t\t\t\t<\/div>\n\t\t\t\t<\/div>\n\t\t\t\t<\/div>\n\t\t<div class=\"elementor-element elementor-element-9b5a324 e-con-full e-flex e-con e-child\" data-id=\"9b5a324\" data-element_type=\"container\" data-e-type=\"container\" data-settings=\"{&quot;background_background&quot;:&quot;classic&quot;}\">\n\t\t\t\t<\/div>\n\t\t\t\t\t<\/div>\n\t\t\t\t<\/div>\n\t\t<div class=\"elementor-element elementor-element-c3225a0 content-culture1 e-flex e-con-boxed e-con e-parent\" data-id=\"c3225a0\" data-element_type=\"container\" data-e-type=\"container\">\n\t\t\t\t\t<div class=\"e-con-inner\">\n\t\t<div class=\"elementor-element elementor-element-15280cc e-con-full scale-in-scrub e-flex e-con e-child\" data-id=\"15280cc\" data-element_type=\"container\" data-e-type=\"container\">\n\t\t\t\t<div class=\"elementor-element elementor-element-28206ca fade-in-left-toggle elementor-widget elementor-widget-icon-box\" data-id=\"28206ca\" data-element_type=\"widget\" data-e-type=\"widget\" data-widget_type=\"icon-box.default\">\n\t\t\t\t<div class=\"elementor-widget-container\">\n\t\t\t\t\t\t\t<div class=\"elementor-icon-box-wrapper\">\n\n\t\t\t\n\t\t\t\t\t\t<div class=\"elementor-icon-box-content\">\n\n\t\t\t\t\t\t\t\t\t<h2 class=\"elementor-icon-box-title\">\n\t\t\t\t\t\t<span  >\n\t\t\t\t\t\t\tAllineamento di interessi\t\t\t\t\t\t<\/span>\n\t\t\t\t\t<\/h2>\n\t\t\t\t\n\t\t\t\t\n\t\t\t<\/div>\n\t\t\t\n\t\t<\/div>\n\t\t\t\t\t\t<\/div>\n\t\t\t\t<\/div>\n\t\t\t\t<div class=\"elementor-element elementor-element-6ff9d85 fade-in-up-toggle elementor-widget elementor-widget-text-editor\" data-id=\"6ff9d85\" data-element_type=\"widget\" data-e-type=\"widget\" data-widget_type=\"text-editor.default\">\n\t\t\t\t<div class=\"elementor-widget-container\">\n\t\t\t\t\t\t\t\t\t<p style=\"font-weight: 400;\">L&#8217;allineamento non \u00e8 uno slogan. \u00c8 una struttura.<br>Concordiamo con i clienti modelli di remunerazione trasparenti, coerenti e sostenibili. Lavoriamo senza obiettivi di vendita e senza spinta verso prodotti proprietari.<br>Il nostro incentivo deve essere lo stesso del cliente: proteggere il patrimonio, migliorare la qualit\u00e0 delle decisioni e creare valore con disciplina. <\/p>\t\t\t\t\t\t\t\t<\/div>\n\t\t\t\t<\/div>\n\t\t\t\t<\/div>\n\t\t<div class=\"elementor-element elementor-element-ee9f1ed e-con-full e-flex e-con e-child\" data-id=\"ee9f1ed\" data-element_type=\"container\" data-e-type=\"container\" data-settings=\"{&quot;background_background&quot;:&quot;classic&quot;}\">\n\t\t\t\t<\/div>\n\t\t\t\t\t<\/div>\n\t\t\t\t<\/div>\n\t\t<div class=\"elementor-element elementor-element-38e578f content-culture1 e-flex e-con-boxed e-con e-parent\" data-id=\"38e578f\" data-element_type=\"container\" data-e-type=\"container\">\n\t\t\t\t\t<div class=\"e-con-inner\">\n\t\t<div class=\"elementor-element elementor-element-93bf46c e-con-full scale-in-scrub e-flex e-con e-child\" data-id=\"93bf46c\" data-element_type=\"container\" data-e-type=\"container\">\n\t\t\t\t<div class=\"elementor-element elementor-element-daac4b5 fade-in-left-toggle elementor-widget elementor-widget-icon-box\" data-id=\"daac4b5\" data-element_type=\"widget\" data-e-type=\"widget\" data-widget_type=\"icon-box.default\">\n\t\t\t\t<div class=\"elementor-widget-container\">\n\t\t\t\t\t\t\t<div class=\"elementor-icon-box-wrapper\">\n\n\t\t\t\n\t\t\t\t\t\t<div class=\"elementor-icon-box-content\">\n\n\t\t\t\t\t\t\t\t\t<h2 class=\"elementor-icon-box-title\">\n\t\t\t\t\t\t<span  >\n\t\t\t\t\t\t\tFiducia\t\t\t\t\t\t<\/span>\n\t\t\t\t\t<\/h2>\n\t\t\t\t\n\t\t\t\t\n\t\t\t<\/div>\n\t\t\t\n\t\t<\/div>\n\t\t\t\t\t\t<\/div>\n\t\t\t\t<\/div>\n\t\t\t\t<div class=\"elementor-element elementor-element-fe6ac3d fade-in-up-toggle elementor-widget elementor-widget-text-editor\" data-id=\"fe6ac3d\" data-element_type=\"widget\" data-e-type=\"widget\" data-widget_type=\"text-editor.default\">\n\t\t\t\t<div class=\"elementor-widget-container\">\n\t\t\t\t\t\t\t\t\t<p style=\"font-weight: 400;\">La fiducia nasce dalla competenza, ma dura solo con coerenza.<br>I clienti si affidano a SWIX per temi che spesso vanno oltre il portafoglio: governance, famiglia, impresa, successione, liquidit\u00e0, rischio, opportunit\u00e0 e eredit\u00e0.<br>Per questo lavoriamo con discrezione, trasparenza e senso di responsabilit\u00e0. Le relazioni che vogliamo costruire non sono transazionali. Sono relazioni destinate a durare.  <\/p>\t\t\t\t\t\t\t\t<\/div>\n\t\t\t\t<\/div>\n\t\t\t\t<\/div>\n\t\t<div class=\"elementor-element elementor-element-a714d1a e-con-full e-flex e-con e-child\" data-id=\"a714d1a\" data-element_type=\"container\" data-e-type=\"container\" data-settings=\"{&quot;background_background&quot;:&quot;classic&quot;}\">\n\t\t\t\t<\/div>\n\t\t\t\t\t<\/div>\n\t\t\t\t<\/div>\n\t\t<div class=\"elementor-element elementor-element-54d14d4 content-culture1 e-flex e-con-boxed e-con e-parent\" data-id=\"54d14d4\" data-element_type=\"container\" data-e-type=\"container\">\n\t\t\t\t\t<div class=\"e-con-inner\">\n\t\t<div class=\"elementor-element elementor-element-945d01b e-con-full scale-in-scrub e-flex e-con e-child\" data-id=\"945d01b\" data-element_type=\"container\" data-e-type=\"container\">\n\t\t\t\t<div class=\"elementor-element elementor-element-bfa85df fade-in-left-toggle elementor-widget elementor-widget-icon-box\" data-id=\"bfa85df\" data-element_type=\"widget\" data-e-type=\"widget\" data-widget_type=\"icon-box.default\">\n\t\t\t\t<div class=\"elementor-widget-container\">\n\t\t\t\t\t\t\t<div class=\"elementor-icon-box-wrapper\">\n\n\t\t\t\n\t\t\t\t\t\t<div class=\"elementor-icon-box-content\">\n\n\t\t\t\t\t\t\t\t\t<h2 class=\"elementor-icon-box-title\">\n\t\t\t\t\t\t<span  >\n\t\t\t\t\t\t\tSoddisfazione dei clienti\t\t\t\t\t\t<\/span>\n\t\t\t\t\t<\/h2>\n\t\t\t\t\n\t\t\t\t\n\t\t\t<\/div>\n\t\t\t\n\t\t<\/div>\n\t\t\t\t\t\t<\/div>\n\t\t\t\t<\/div>\n\t\t\t\t<div class=\"elementor-element elementor-element-643fef2 fade-in-up-toggle elementor-widget elementor-widget-text-editor\" data-id=\"643fef2\" data-element_type=\"widget\" data-e-type=\"widget\" data-widget_type=\"text-editor.default\">\n\t\t\t\t<div class=\"elementor-widget-container\">\n\t\t\t\t\t\t\t\t\t<p style=\"font-weight: 400;\">I clienti possono aspettarsi di pi\u00f9 da noi perch\u00e9 il nostro lavoro \u00e8 comprendere prima di proporre.<br>Ogni famiglia, ogni imprenditore e ogni investitore ha priorit\u00e0 diverse. Il nostro compito \u00e8 ascoltare, strutturare, decidere ed eseguire con rigore.<br>Non puntiamo a essere semplicemente consulenti. Puntiamo a diventare partner di fiducia nei momenti in cui la consulenza conta davvero.   <\/p>\t\t\t\t\t\t\t\t<\/div>\n\t\t\t\t<\/div>\n\t\t\t\t<\/div>\n\t\t<div class=\"elementor-element elementor-element-a8bb219 e-con-full e-flex e-con e-child\" data-id=\"a8bb219\" data-element_type=\"container\" data-e-type=\"container\" data-settings=\"{&quot;background_background&quot;:&quot;classic&quot;}\">\n\t\t\t\t<\/div>\n\t\t\t\t\t<\/div>\n\t\t\t\t<\/div>\n\t\t<div class=\"elementor-element elementor-element-ea08198 content-culture1 e-flex e-con-boxed e-con e-parent\" data-id=\"ea08198\" data-element_type=\"container\" data-e-type=\"container\">\n\t\t\t\t\t<div class=\"e-con-inner\">\n\t\t<div class=\"elementor-element elementor-element-bd60b32 e-con-full scale-in-scrub e-flex e-con e-child\" data-id=\"bd60b32\" data-element_type=\"container\" data-e-type=\"container\">\n\t\t\t\t<div class=\"elementor-element elementor-element-1202fdf fade-in-left-toggle elementor-widget elementor-widget-icon-box\" data-id=\"1202fdf\" data-element_type=\"widget\" data-e-type=\"widget\" data-widget_type=\"icon-box.default\">\n\t\t\t\t<div class=\"elementor-widget-container\">\n\t\t\t\t\t\t\t<div class=\"elementor-icon-box-wrapper\">\n\n\t\t\t\n\t\t\t\t\t\t<div class=\"elementor-icon-box-content\">\n\n\t\t\t\t\t\t\t\t\t<h2 class=\"elementor-icon-box-title\">\n\t\t\t\t\t\t<span  >\n\t\t\t\t\t\t\tInnovazione e curiosit\u00e0\t\t\t\t\t\t<\/span>\n\t\t\t\t\t<\/h2>\n\t\t\t\t\n\t\t\t\t\n\t\t\t<\/div>\n\t\t\t\n\t\t<\/div>\n\t\t\t\t\t\t<\/div>\n\t\t\t\t<\/div>\n\t\t\t\t<div class=\"elementor-element elementor-element-c93bb8e fade-in-up-toggle elementor-widget elementor-widget-text-editor\" data-id=\"c93bb8e\" data-element_type=\"widget\" data-e-type=\"widget\" data-widget_type=\"text-editor.default\">\n\t\t\t\t<div class=\"elementor-widget-container\">\n\t\t\t\t\t\t\t\t\t<p style=\"font-weight: 400;\">Rispettiamo tradizione, esperienza e prudenza. Ma non crediamo nell&#8217;immobilismo.<br>La gestione patrimoniale sta cambiando: tecnologia, intelligenza artificiale, mercati privati, regolamentazione, nuovi modelli familiari e nuove generazioni richiedono un approccio pi\u00f9 aperto, intelligente e adattivo.<br>In SWIX innovazione significa utilizzare strumenti migliori senza perdere la componente umana. Significa essere curiosi, indipendenti e disposti a mettere in discussione lo standard quando lo standard non \u00e8 pi\u00f9 sufficiente.<\/p>\t\t\t\t\t\t\t\t<\/div>\n\t\t\t\t<\/div>\n\t\t\t\t<\/div>\n\t\t<div class=\"elementor-element elementor-element-b98b2e0 e-con-full e-flex e-con e-child\" data-id=\"b98b2e0\" data-element_type=\"container\" data-e-type=\"container\" data-settings=\"{&quot;background_background&quot;:&quot;classic&quot;}\">\n\t\t\t\t<\/div>\n\t\t\t\t\t<\/div>\n\t\t\t\t<\/div>\n\t\t\t\t<\/div>\n\t\t","protected":false},"excerpt":{"rendered":"<p>La cultura SWIX si fonda su responsabilit\u00e0, trasparenza e allineamento di interessi: un approccio che guida decisioni indipendenti, rafforza relazioni di lungo periodo e crea valore con disciplina e visione nel tempo. Responsabilit\u00e0 Ogni decisione patrimoniale rilevante richiede assunzione di responsabilit\u00e0.In SWIX responsabilit\u00e0 significa sapere perch\u00e9 una decisione viene presa, quali rischi comporta, come deve [&hellip;]<\/p>\n","protected":false},"author":1,"featured_media":0,"parent":0,"menu_order":3,"comment_status":"closed","ping_status":"closed","template":"","meta":{"_acf_changed":false,"footnotes":""},"class_list":["post-3360","page","type-page","status-publish","hentry"],"acf":[],"yoast_head":"<!-- This site is optimized with the Yoast SEO plugin v27.6 - https:\/\/yoast.com\/product\/yoast-seo-wordpress\/ -->\n<title>Cultura - Swix Family Office<\/title>\n<meta name=\"robots\" content=\"index, follow, max-snippet:-1, max-image-preview:large, max-video-preview:-1\" \/>\n<link rel=\"canonical\" href=\"https:\/\/swixfo.com\/it\/cultura\/\" \/>\n<meta property=\"og:locale\" content=\"it_IT\" \/>\n<meta property=\"og:type\" content=\"article\" \/>\n<meta property=\"og:title\" content=\"Cultura - Swix Family Office\" \/>\n<meta property=\"og:description\" content=\"La cultura SWIX si fonda su responsabilit\u00e0, trasparenza e allineamento di interessi: un approccio che guida decisioni indipendenti, rafforza relazioni di lungo periodo e crea valore con disciplina e visione nel tempo. Responsabilit\u00e0 Ogni decisione patrimoniale rilevante richiede assunzione di responsabilit\u00e0.In SWIX responsabilit\u00e0 significa sapere perch\u00e9 una decisione viene presa, quali rischi comporta, come deve [&hellip;]\" \/>\n<meta property=\"og:url\" content=\"https:\/\/swixfo.com\/it\/cultura\/\" \/>\n<meta property=\"og:site_name\" content=\"Swix Family Office\" \/>\n<meta property=\"article:modified_time\" content=\"2026-05-13T11:48:29+00:00\" \/>\n<meta name=\"twitter:card\" content=\"summary_large_image\" \/>\n<meta name=\"twitter:label1\" content=\"Tempo di lettura stimato\" \/>\n\t<meta name=\"twitter:data1\" content=\"2 minuti\" \/>\n<script type=\"application\/ld+json\" class=\"yoast-schema-graph\">{\"@context\":\"https:\\\/\\\/schema.org\",\"@graph\":[{\"@type\":\"WebPage\",\"@id\":\"https:\\\/\\\/swixfo.com\\\/it\\\/cultura\\\/\",\"url\":\"https:\\\/\\\/swixfo.com\\\/it\\\/cultura\\\/\",\"name\":\"Cultura - Swix Family Office\",\"isPartOf\":{\"@id\":\"https:\\\/\\\/swixfo.com\\\/it\\\/#website\"},\"datePublished\":\"2025-08-23T07:17:26+00:00\",\"dateModified\":\"2026-05-13T11:48:29+00:00\",\"breadcrumb\":{\"@id\":\"https:\\\/\\\/swixfo.com\\\/it\\\/cultura\\\/#breadcrumb\"},\"inLanguage\":\"it-IT\",\"potentialAction\":[{\"@type\":\"ReadAction\",\"target\":[\"https:\\\/\\\/swixfo.com\\\/it\\\/cultura\\\/\"]}]},{\"@type\":\"BreadcrumbList\",\"@id\":\"https:\\\/\\\/swixfo.com\\\/it\\\/cultura\\\/#breadcrumb\",\"itemListElement\":[{\"@type\":\"ListItem\",\"position\":1,\"name\":\"Home\",\"item\":\"https:\\\/\\\/swixfo.com\\\/it\\\/\"},{\"@type\":\"ListItem\",\"position\":2,\"name\":\"Cultura\"}]},{\"@type\":\"WebSite\",\"@id\":\"https:\\\/\\\/swixfo.com\\\/it\\\/#website\",\"url\":\"https:\\\/\\\/swixfo.com\\\/it\\\/\",\"name\":\"Swix\",\"description\":\"Born in Switzerland with an International mindset\",\"publisher\":{\"@id\":\"https:\\\/\\\/swixfo.com\\\/it\\\/#organization\"},\"potentialAction\":[{\"@type\":\"SearchAction\",\"target\":{\"@type\":\"EntryPoint\",\"urlTemplate\":\"https:\\\/\\\/swixfo.com\\\/it\\\/?s={search_term_string}\"},\"query-input\":{\"@type\":\"PropertyValueSpecification\",\"valueRequired\":true,\"valueName\":\"search_term_string\"}}],\"inLanguage\":\"it-IT\"},{\"@type\":\"Organization\",\"@id\":\"https:\\\/\\\/swixfo.com\\\/it\\\/#organization\",\"name\":\"Swix SA\",\"url\":\"https:\\\/\\\/swixfo.com\\\/it\\\/\",\"logo\":{\"@type\":\"ImageObject\",\"inLanguage\":\"it-IT\",\"@id\":\"https:\\\/\\\/swixfo.com\\\/it\\\/#\\\/schema\\\/logo\\\/image\\\/\",\"url\":\"https:\\\/\\\/swixfo.com\\\/wp-content\\\/uploads\\\/2025\\\/06\\\/logo_swix_firma.png\",\"contentUrl\":\"https:\\\/\\\/swixfo.com\\\/wp-content\\\/uploads\\\/2025\\\/06\\\/logo_swix_firma.png\",\"width\":444,\"height\":134,\"caption\":\"Swix SA\"},\"image\":{\"@id\":\"https:\\\/\\\/swixfo.com\\\/it\\\/#\\\/schema\\\/logo\\\/image\\\/\"}}]}<\/script>\n<!-- \/ Yoast SEO plugin. -->","yoast_head_json":{"title":"Cultura - Swix Family Office","robots":{"index":"index","follow":"follow","max-snippet":"max-snippet:-1","max-image-preview":"max-image-preview:large","max-video-preview":"max-video-preview:-1"},"canonical":"https:\/\/swixfo.com\/it\/cultura\/","og_locale":"it_IT","og_type":"article","og_title":"Cultura - Swix Family Office","og_description":"La cultura SWIX si fonda su responsabilit\u00e0, trasparenza e allineamento di interessi: un approccio che guida decisioni indipendenti, rafforza relazioni di lungo periodo e crea valore con disciplina e visione nel tempo. Responsabilit\u00e0 Ogni decisione patrimoniale rilevante richiede assunzione di responsabilit\u00e0.In SWIX responsabilit\u00e0 significa sapere perch\u00e9 una decisione viene presa, quali rischi comporta, come deve [&hellip;]","og_url":"https:\/\/swixfo.com\/it\/cultura\/","og_site_name":"Swix Family Office","article_modified_time":"2026-05-13T11:48:29+00:00","twitter_card":"summary_large_image","twitter_misc":{"Tempo di lettura stimato":"2 minuti"},"schema":{"@context":"https:\/\/schema.org","@graph":[{"@type":"WebPage","@id":"https:\/\/swixfo.com\/it\/cultura\/","url":"https:\/\/swixfo.com\/it\/cultura\/","name":"Cultura - Swix Family Office","isPartOf":{"@id":"https:\/\/swixfo.com\/it\/#website"},"datePublished":"2025-08-23T07:17:26+00:00","dateModified":"2026-05-13T11:48:29+00:00","breadcrumb":{"@id":"https:\/\/swixfo.com\/it\/cultura\/#breadcrumb"},"inLanguage":"it-IT","potentialAction":[{"@type":"ReadAction","target":["https:\/\/swixfo.com\/it\/cultura\/"]}]},{"@type":"BreadcrumbList","@id":"https:\/\/swixfo.com\/it\/cultura\/#breadcrumb","itemListElement":[{"@type":"ListItem","position":1,"name":"Home","item":"https:\/\/swixfo.com\/it\/"},{"@type":"ListItem","position":2,"name":"Cultura"}]},{"@type":"WebSite","@id":"https:\/\/swixfo.com\/it\/#website","url":"https:\/\/swixfo.com\/it\/","name":"Swix","description":"Born in Switzerland with an International mindset","publisher":{"@id":"https:\/\/swixfo.com\/it\/#organization"},"potentialAction":[{"@type":"SearchAction","target":{"@type":"EntryPoint","urlTemplate":"https:\/\/swixfo.com\/it\/?s={search_term_string}"},"query-input":{"@type":"PropertyValueSpecification","valueRequired":true,"valueName":"search_term_string"}}],"inLanguage":"it-IT"},{"@type":"Organization","@id":"https:\/\/swixfo.com\/it\/#organization","name":"Swix SA","url":"https:\/\/swixfo.com\/it\/","logo":{"@type":"ImageObject","inLanguage":"it-IT","@id":"https:\/\/swixfo.com\/it\/#\/schema\/logo\/image\/","url":"https:\/\/swixfo.com\/wp-content\/uploads\/2025\/06\/logo_swix_firma.png","contentUrl":"https:\/\/swixfo.com\/wp-content\/uploads\/2025\/06\/logo_swix_firma.png","width":444,"height":134,"caption":"Swix SA"},"image":{"@id":"https:\/\/swixfo.com\/it\/#\/schema\/logo\/image\/"}}]}},"_links":{"self":[{"href":"https:\/\/swixfo.com\/it\/wp-json\/wp\/v2\/pages\/3360","targetHints":{"allow":["GET"]}}],"collection":[{"href":"https:\/\/swixfo.com\/it\/wp-json\/wp\/v2\/pages"}],"about":[{"href":"https:\/\/swixfo.com\/it\/wp-json\/wp\/v2\/types\/page"}],"author":[{"embeddable":true,"href":"https:\/\/swixfo.com\/it\/wp-json\/wp\/v2\/users\/1"}],"replies":[{"embeddable":true,"href":"https:\/\/swixfo.com\/it\/wp-json\/wp\/v2\/comments?post=3360"}],"version-history":[{"count":4,"href":"https:\/\/swixfo.com\/it\/wp-json\/wp\/v2\/pages\/3360\/revisions"}],"predecessor-version":[{"id":3580,"href":"https:\/\/swixfo.com\/it\/wp-json\/wp\/v2\/pages\/3360\/revisions\/3580"}],"wp:attachment":[{"href":"https:\/\/swixfo.com\/it\/wp-json\/wp\/v2\/media?parent=3360"}],"curies":[{"name":"wp","href":"https:\/\/api.w.org\/{rel}","templated":true}]}}